{"id":143,"date":"2024-11-25T18:31:52","date_gmt":"2024-11-25T18:31:52","guid":{"rendered":"https:\/\/die-ueblichen.de\/?page_id=143"},"modified":"2026-04-10T01:12:35","modified_gmt":"2026-04-09T23:12:35","slug":"live","status":"publish","type":"page","link":"https:\/\/die-ueblichen.de\/index.php\/live\/","title":{"rendered":"LIVE"},"content":{"rendered":"\n<p>Die n\u00e4chsten Konzerte:<\/p>\n\n<div class=\"ap-calendar-container\"><ul class=\"ap-event-list\"><li class=\"ap-event-item\"><div class=\"ap-event-date\"><span class=\"ap-day\">13.<\/span><span class=\"ap-month\">Jun 2026<\/span><\/div><div class=\"ap-event-details\"><div class=\"ap-event-location\"><span class=\"ap-icon\" aria-hidden=\"true\"><\/span><div class=\"ap-location-block\"><div class=\"ap-venue\">UJZ Korn<\/div><div class=\"ap-address\">Kornstra\u00dfe 30, 30167 Hannover<\/div><\/div><\/div><\/div><\/li><li class=\"ap-event-item\"><div class=\"ap-event-date\"><span class=\"ap-day\">15.<\/span><span class=\"ap-month\">Aug 2026<\/span><\/div><div class=\"ap-event-details\"><div class=\"ap-event-location\"><span class=\"ap-icon\" aria-hidden=\"true\"><\/span><div class=\"ap-location-block\"><div class=\"ap-venue\">Mephisto<\/div><div class=\"ap-address\">Zur Bettfedernfabrik 3, 30451 Hannover<\/div><\/div><\/div><\/div><\/li><li class=\"ap-event-item\"><div class=\"ap-event-date\"><span class=\"ap-day\">30.<\/span><span class=\"ap-month\">Sep 2026<\/span><\/div><div class=\"ap-event-details\"><div class=\"ap-event-location\"><span class=\"ap-icon\" aria-hidden=\"true\"><\/span><div class=\"ap-location-block\"><div class=\"ap-venue\">Weltkulturerbe<\/div><div class=\"ap-address\">keinplan, 34134 Kassel<\/div><\/div><\/div><\/div><\/li><li class=\"ap-event-item\"><div class=\"ap-event-date\"><span class=\"ap-day\">01.<\/span><span class=\"ap-month\">Okt 2026<\/span><\/div><div class=\"ap-event-details\"><div class=\"ap-event-location\"><span class=\"ap-icon\" aria-hidden=\"true\"><\/span><div class=\"ap-location-block\"><div class=\"ap-venue\">Alte Hackerei<\/div><div class=\"ap-address\">Alter Schlachthof 11, 76131 Karlsruhe<\/div><\/div><\/div><\/div><\/li><li class=\"ap-event-item\"><div class=\"ap-event-date\"><span class=\"ap-day\">02.<\/span><span class=\"ap-month\">Okt 2026<\/span><\/div><div class=\"ap-event-details\"><div class=\"ap-event-location\"><span class=\"ap-icon\" aria-hidden=\"true\"><\/span><div class=\"ap-location-block\"><div class=\"ap-venue\">Kulturquartier Allg\u00e4u<\/div><div class=\"ap-address\">Kotterner Stra\u00dfe 54, 87435 Kempten<\/div><\/div><\/div><\/div><\/li><li class=\"ap-event-item\"><div class=\"ap-event-date\"><span class=\"ap-day\">04.<\/span><span class=\"ap-month\">Okt 2026<\/span><\/div><div class=\"ap-event-details\"><div class=\"ap-event-location\"><span class=\"ap-icon\" aria-hidden=\"true\"><\/span><div class=\"ap-location-block\"><div class=\"ap-venue\">Pankahyttn<\/div><div class=\"ap-address\">Johnstra\u00dfe, 01150 Wien<\/div><\/div><\/div><\/div><\/li><li class=\"ap-event-item\"><div class=\"ap-event-date\"><span class=\"ap-day\">16.<\/span><span class=\"ap-month\">Okt 2026<\/span><\/div><div class=\"ap-event-details\"><div class=\"ap-event-location\"><span class=\"ap-icon\" aria-hidden=\"true\"><\/span><div class=\"ap-location-block\"><div class=\"ap-venue\">Thommi Weissbecker-Haus<\/div><div class=\"ap-address\">Wilhelmstr. 9, 10963 Berlin<\/div><\/div><\/div><\/div><\/li><li class=\"ap-event-item\"><div class=\"ap-event-date\"><span class=\"ap-day\">17.<\/span><span class=\"ap-month\">Okt 2026<\/span><\/div><div class=\"ap-event-details\"><div class=\"ap-event-location\"><span class=\"ap-icon\" aria-hidden=\"true\"><\/span><div class=\"ap-location-block\"><div class=\"ap-venue\">Kunstkeller<\/div><div class=\"ap-address\">Ottostra\u00dfe 27, 90762 F\u00fcrth<\/div><\/div><\/div><\/div><\/li><li class=\"ap-event-item\"><div class=\"ap-event-date\"><span class=\"ap-day\">18.<\/span><span class=\"ap-month\">Okt 2026<\/span><\/div><div class=\"ap-event-details\"><div class=\"ap-event-location\"><span class=\"ap-icon\" aria-hidden=\"true\"><\/span><div class=\"ap-location-block\"><div class=\"ap-venue\">Vereinsgastst\u00e4tte SV Arminia<\/div><div class=\"ap-address\">Bischofsholer Damm 119, 30173 Hannover<\/div><\/div><\/div><\/div><\/li><\/ul><\/div>\n<p>Das hast du verpasst:<\/p>\n<div class=\"ap-calendar-container\"><ul class=\"ap-event-list\"><li class=\"ap-event-item\"><div class=\"ap-event-date\"><span class=\"ap-day\">10.<\/span><span class=\"ap-month\">M\u00e4r 2002<\/span><\/div><div class=\"ap-event-details\"><div class=\"ap-event-location\"><span class=\"ap-icon\" aria-hidden=\"true\"><\/span><div class=\"ap-location-block\"><div class=\"ap-venue\">Indiego Glocksee<\/div><div class=\"ap-address\">Glockseestra\u00dfe 35, 30169 Hannover<\/div><\/div><\/div><\/div><\/li><li class=\"ap-event-item\"><div class=\"ap-event-date\"><span class=\"ap-day\">13.<\/span><span class=\"ap-month\">Sep 2002<\/span><\/div><div class=\"ap-event-details\"><div class=\"ap-event-location\"><span class=\"ap-icon\" aria-hidden=\"true\"><\/span><div class=\"ap-location-block\"><div class=\"ap-venue\">Ziegenbrink, Open Air<\/div><div class=\"ap-address\">Osnabr\u00fcck<\/div><\/div><\/div><\/div><\/li><li class=\"ap-event-item\"><div class=\"ap-event-date\"><span class=\"ap-day\">06.<\/span><span class=\"ap-month\">Dez 2002<\/span><\/div><div class=\"ap-event-details\"><div class=\"ap-event-location\"><span class=\"ap-icon\" aria-hidden=\"true\"><\/span><div class=\"ap-location-block\"><div class=\"ap-venue\">Thommi Weissbecker-Haus<\/div><div class=\"ap-address\">Wilhelmstr. 9, 10963 Berlin<\/div><\/div><\/div><\/div><\/li><li class=\"ap-event-item\"><div class=\"ap-event-date\"><span class=\"ap-day\">21.<\/span><span class=\"ap-month\">Dez 2002<\/span><\/div><div class=\"ap-event-details\"><div class=\"ap-event-location\"><span class=\"ap-icon\" aria-hidden=\"true\"><\/span><div class=\"ap-location-block\"><div class=\"ap-venue\">Cafe Glocksee<\/div><div class=\"ap-address\">Hannover<\/div><\/div><\/div><\/div><\/li><li class=\"ap-event-item\"><div class=\"ap-event-date\"><span class=\"ap-day\">26.<\/span><span class=\"ap-month\">Apr 2003<\/span><\/div><div class=\"ap-event-details\"><div class=\"ap-event-location\"><span class=\"ap-icon\" aria-hidden=\"true\"><\/span><div class=\"ap-location-block\"><div class=\"ap-venue\">Stumpf<\/div><div class=\"ap-address\">in Welfengarten 2c, 30167 Hannover<\/div><\/div><\/div><\/div><\/li><li class=\"ap-event-item\"><div class=\"ap-event-date\"><span class=\"ap-day\">23.<\/span><span class=\"ap-month\">Aug 2003<\/span><\/div><div class=\"ap-event-details\"><div class=\"ap-event-location\"><span class=\"ap-icon\" aria-hidden=\"true\"><\/span><div class=\"ap-location-block\"><div class=\"ap-venue\">Park der Sinne, Open Air<\/div><div class=\"ap-address\">Laatzen<\/div><\/div><\/div><\/div><\/li><li class=\"ap-event-item\"><div class=\"ap-event-date\"><span class=\"ap-day\">10.<\/span><span class=\"ap-month\">Dez 2003<\/span><\/div><div class=\"ap-event-details\"><div class=\"ap-event-location\"><span class=\"ap-icon\" aria-hidden=\"true\"><\/span><div class=\"ap-location-block\"><div class=\"ap-venue\">Musikzentrum<\/div><div class=\"ap-address\">Emil-Meyer-Stra\u00dfe 26, 30165 Hannover<\/div><\/div><\/div><\/div><\/li><li class=\"ap-event-item\"><div class=\"ap-event-date\"><span class=\"ap-day\">21.<\/span><span class=\"ap-month\">Feb 2004<\/span><\/div><div class=\"ap-event-details\"><div class=\"ap-event-location\"><span class=\"ap-icon\" aria-hidden=\"true\"><\/span><div class=\"ap-location-block\"><div class=\"ap-venue\">Monopol<\/div><div class=\"ap-address\">Langenhagen<\/div><\/div><\/div><\/div><\/li><li class=\"ap-event-item\"><div class=\"ap-event-date\"><span class=\"ap-day\">17.<\/span><span class=\"ap-month\">Jul 2004<\/span><\/div><div class=\"ap-event-details\"><div class=\"ap-event-location\"><span class=\"ap-icon\" aria-hidden=\"true\"><\/span><div class=\"ap-location-block\"><div class=\"ap-venue\">Cafe Taktlos<\/div><div class=\"ap-address\">Heinrich-Heine-Stra\u00dfe 2, 08371 Glauchau<\/div><\/div><\/div><\/div><\/li><li class=\"ap-event-item\"><div class=\"ap-event-date\"><span class=\"ap-day\">04.<\/span><span class=\"ap-month\">Sep 2004<\/span><\/div><div class=\"ap-event-details\"><div class=\"ap-event-location\"><span class=\"ap-icon\" aria-hidden=\"true\"><\/span><div class=\"ap-location-block\"><div class=\"ap-venue\">Kopernikus<\/div><div class=\"ap-address\">Kopernikusstra\u00dfe 11, 30419 Hannover<\/div><\/div><\/div><\/div><\/li><li class=\"ap-event-item\"><div class=\"ap-event-date\"><span class=\"ap-day\">12.<\/span><span class=\"ap-month\">Sep 2004<\/span><\/div><div class=\"ap-event-details\"><div class=\"ap-event-location\"><span class=\"ap-icon\" aria-hidden=\"true\"><\/span><div class=\"ap-location-block\"><div class=\"ap-venue\">F\u00e4hrmannswiese OpenAir<\/div><div class=\"ap-address\">Hannover<\/div><\/div><\/div><\/div><\/li><li class=\"ap-event-item\"><div class=\"ap-event-date\"><span class=\"ap-day\">19.<\/span><span class=\"ap-month\">Okt 2004<\/span><\/div><div class=\"ap-event-details\"><div class=\"ap-event-location\"><span class=\"ap-icon\" aria-hidden=\"true\"><\/span><div class=\"ap-location-block\"><div class=\"ap-venue\">Faust<\/div><div class=\"ap-address\">Zur Bettfedernfabrik 3, 30451 Hannover<\/div><\/div><\/div><\/div><\/li><li class=\"ap-event-item\"><div class=\"ap-event-date\"><span class=\"ap-day\">05.<\/span><span class=\"ap-month\">Mai 2005<\/span><\/div><div class=\"ap-event-details\"><div class=\"ap-event-location\"><span class=\"ap-icon\" aria-hidden=\"true\"><\/span><div class=\"ap-location-block\"><div class=\"ap-venue\">M\u00f6ppken-Open-Air<\/div><div class=\"ap-address\">Emlichheim<\/div><\/div><\/div><\/div><\/li><li class=\"ap-event-item\"><div class=\"ap-event-date\"><span class=\"ap-day\">06.<\/span><span class=\"ap-month\">Mai 2005<\/span><\/div><div class=\"ap-event-details\"><div class=\"ap-event-location\"><span class=\"ap-icon\" aria-hidden=\"true\"><\/span><div class=\"ap-location-block\"><div class=\"ap-venue\">AZ<\/div><div class=\"ap-address\">Wuppertal<\/div><\/div><\/div><\/div><\/li><li class=\"ap-event-item\"><div class=\"ap-event-date\"><span class=\"ap-day\">07.<\/span><span class=\"ap-month\">Mai 2005<\/span><\/div><div class=\"ap-event-details\"><div class=\"ap-event-location\"><span class=\"ap-icon\" aria-hidden=\"true\"><\/span><div class=\"ap-location-block\"><div class=\"ap-venue\">Kraftstation<\/div><div class=\"ap-address\">Remscheid<\/div><\/div><\/div><\/div><\/li><li class=\"ap-event-item\"><div class=\"ap-event-date\"><span class=\"ap-day\">17.<\/span><span class=\"ap-month\">Jun 2005<\/span><\/div><div class=\"ap-event-details\"><div class=\"ap-event-location\"><span class=\"ap-icon\" aria-hidden=\"true\"><\/span><div class=\"ap-location-block\"><div class=\"ap-venue\">Kopernikus<\/div><div class=\"ap-address\">Kopernikusstra\u00dfe 11, 30419 Hannover<\/div><\/div><\/div><\/div><\/li><li class=\"ap-event-item\"><div class=\"ap-event-date\"><span class=\"ap-day\">07.<\/span><span class=\"ap-month\">Okt 2005<\/span><\/div><div class=\"ap-event-details\"><div class=\"ap-event-location\"><span class=\"ap-icon\" aria-hidden=\"true\"><\/span><div class=\"ap-location-block\"><div class=\"ap-venue\">Kopernikus<\/div><div class=\"ap-address\">Kopernikusstra\u00dfe 11, 30419 Hannover<\/div><\/div><\/div><\/div><\/li><li class=\"ap-event-item\"><div class=\"ap-event-date\"><span class=\"ap-day\">15.<\/span><span class=\"ap-month\">Okt 2005<\/span><\/div><div class=\"ap-event-details\"><div class=\"ap-event-location\"><span class=\"ap-icon\" aria-hidden=\"true\"><\/span><div class=\"ap-location-block\"><div class=\"ap-venue\">Wohnwelt<\/div><div class=\"ap-address\">Bahnhofstra\u00dfe 93, 31515 Wunstorf<\/div><\/div><\/div><\/div><\/li><li class=\"ap-event-item\"><div class=\"ap-event-date\"><span class=\"ap-day\">30.<\/span><span class=\"ap-month\">Sep 2022<\/span><\/div><div class=\"ap-event-details\"><div class=\"ap-event-location\"><span class=\"ap-icon\" aria-hidden=\"true\"><\/span><div class=\"ap-location-block\"><div class=\"ap-venue\">Lichtwirtschaft<\/div><div class=\"ap-address\">Stockartstra\u00dfe 11, 04277 Leipzig<\/div><\/div><\/div><\/div><\/li><li class=\"ap-event-item\"><div class=\"ap-event-date\"><span class=\"ap-day\">27.<\/span><span class=\"ap-month\">Okt 2022<\/span><\/div><div class=\"ap-event-details\"><div class=\"ap-event-location\"><span class=\"ap-icon\" aria-hidden=\"true\"><\/span><div class=\"ap-location-block\"><div class=\"ap-venue\">Subkultur<\/div><div class=\"ap-address\">Engelbosteler Damm 87, 30167 Hannover<\/div><\/div><\/div><\/div><\/li><li class=\"ap-event-item\"><div class=\"ap-event-date\"><span class=\"ap-day\">28.<\/span><span class=\"ap-month\">Okt 2022<\/span><\/div><div class=\"ap-event-details\"><div class=\"ap-event-location\"><span class=\"ap-icon\" aria-hidden=\"true\"><\/span><div class=\"ap-location-block\"><div class=\"ap-venue\">Sonic Ballroom<\/div><div class=\"ap-address\">Oskar-J\u00e4ger-Stra\u00dfe 190, 50825 K\u00f6ln<\/div><\/div><\/div><\/div><\/li><li class=\"ap-event-item\"><div class=\"ap-event-date\"><span class=\"ap-day\">29.<\/span><span class=\"ap-month\">Okt 2022<\/span><\/div><div class=\"ap-event-details\"><div class=\"ap-event-location\"><span class=\"ap-icon\" aria-hidden=\"true\"><\/span><div class=\"ap-location-block\"><div class=\"ap-venue\">Karibu Wageni e.V.<\/div><div class=\"ap-address\">Wallbaumweg, 44894 Bochum<\/div><\/div><\/div><\/div><\/li><li class=\"ap-event-item\"><div class=\"ap-event-date\"><span class=\"ap-day\">21.<\/span><span class=\"ap-month\">Jul 2023<\/span><\/div><div class=\"ap-event-details\"><div class=\"ap-event-location\"><span class=\"ap-icon\" aria-hidden=\"true\"><\/span><div class=\"ap-location-block\"><div class=\"ap-venue\">Vereinsgastst\u00e4tte SV Arminia<\/div><div class=\"ap-address\">Bischofsholer Damm 119, 30173 Hannover<\/div><\/div><\/div><\/div><\/li><li class=\"ap-event-item\"><div class=\"ap-event-date\"><span class=\"ap-day\">01.<\/span><span class=\"ap-month\">Sep 2023<\/span><\/div><div class=\"ap-event-details\"><div class=\"ap-event-location\"><span class=\"ap-icon\" aria-hidden=\"true\"><\/span><div class=\"ap-location-block\"><div class=\"ap-venue\">Sonic Ballroom<\/div><div class=\"ap-address\">Oskar-J\u00e4ger-Stra\u00dfe 190, 50825 K\u00f6ln<\/div><\/div><\/div><\/div><\/li><li class=\"ap-event-item\"><div class=\"ap-event-date\"><span class=\"ap-day\">14.<\/span><span class=\"ap-month\">Okt 2023<\/span><\/div><div class=\"ap-event-details\"><div class=\"ap-event-location\"><span class=\"ap-icon\" aria-hidden=\"true\"><\/span><div class=\"ap-location-block\"><div class=\"ap-venue\">Bei Chez Heinz<\/div><div class=\"ap-address\">Liepmannstra\u00dfe 7b, 30453 Hannover<\/div><\/div><\/div><\/div><\/li><li class=\"ap-event-item\"><div class=\"ap-event-date\"><span class=\"ap-day\">15.<\/span><span class=\"ap-month\">M\u00e4r 2024<\/span><\/div><div class=\"ap-event-details\"><div class=\"ap-event-location\"><span class=\"ap-icon\" aria-hidden=\"true\"><\/span><div class=\"ap-location-block\"><div class=\"ap-venue\">Vereinsgastst\u00e4tte SV Arminia<\/div><div class=\"ap-address\">Bischofsholer Damm 119, 30173 Hannover<\/div><\/div><\/div><\/div><\/li><li class=\"ap-event-item\"><div class=\"ap-event-date\"><span class=\"ap-day\">17.<\/span><span class=\"ap-month\">Sep 2024<\/span><\/div><div class=\"ap-event-details\"><div class=\"ap-event-location\"><span class=\"ap-icon\" aria-hidden=\"true\"><\/span><div class=\"ap-location-block\"><div class=\"ap-venue\">Vereinsgastst\u00e4tte SV Arminia<\/div><div class=\"ap-address\">Bischofsholer Damm 119, 30173 Hannover<\/div><\/div><\/div><\/div><\/li><li class=\"ap-event-item\"><div class=\"ap-event-date\"><span class=\"ap-day\">17.<\/span><span class=\"ap-month\">Okt 2024<\/span><\/div><div class=\"ap-event-details\"><div class=\"ap-event-location\"><span class=\"ap-icon\" aria-hidden=\"true\"><\/span><div class=\"ap-location-block\"><div class=\"ap-venue\">Alte Hackerei<\/div><div class=\"ap-address\">Alter Schlachthof 11, 76131 Karlsruhe<\/div><\/div><\/div><\/div><\/li><li class=\"ap-event-item\"><div class=\"ap-event-date\"><span class=\"ap-day\">18.<\/span><span class=\"ap-month\">Okt 2024<\/span><\/div><div class=\"ap-event-details\"><div class=\"ap-event-location\"><span class=\"ap-icon\" aria-hidden=\"true\"><\/span><div class=\"ap-location-block\"><div class=\"ap-venue\">Kulturquartier Allg\u00e4u<\/div><div class=\"ap-address\">Kotterner Stra\u00dfe 54, 87435 Kempten<\/div><\/div><\/div><\/div><\/li><li class=\"ap-event-item\"><div class=\"ap-event-date\"><span class=\"ap-day\">19.<\/span><span class=\"ap-month\">Okt 2024<\/span><\/div><div class=\"ap-event-details\"><div class=\"ap-event-location\"><span class=\"ap-icon\" aria-hidden=\"true\"><\/span><div class=\"ap-location-block\"><div class=\"ap-venue\">Autonomes Jugendzentrum Erfurt e. V.<\/div><div class=\"ap-address\">Vollbrachtstra\u00dfe 1, 99086 Erfurt<\/div><\/div><\/div><\/div><\/li><li class=\"ap-event-item\"><div class=\"ap-event-date\"><span class=\"ap-day\">20.<\/span><span class=\"ap-month\">Okt 2024<\/span><\/div><div class=\"ap-event-details\"><div class=\"ap-event-location\"><span class=\"ap-icon\" aria-hidden=\"true\"><\/span><div class=\"ap-location-block\"><div class=\"ap-venue\">Vereinsgastst\u00e4tte SV Arminia<\/div><div class=\"ap-address\">Bischofsholer Damm 119, 30173 Hannover<\/div><\/div><\/div><\/div><\/li><li class=\"ap-event-item\"><div class=\"ap-event-date\"><span class=\"ap-day\">10.<\/span><span class=\"ap-month\">Mai 2025<\/span><\/div><div class=\"ap-event-details\"><div class=\"ap-event-location\"><span class=\"ap-icon\" aria-hidden=\"true\"><\/span><div class=\"ap-location-block\"><div class=\"ap-venue\">Cafe Taktlos<\/div><div class=\"ap-address\">Heinrich-Heine-Stra\u00dfe 2, 08371 Glauchau<\/div><\/div><\/div><\/div><\/li><li class=\"ap-event-item\"><div class=\"ap-event-date\"><span class=\"ap-day\">22.<\/span><span class=\"ap-month\">Aug 2025<\/span><\/div><div class=\"ap-event-details\"><div class=\"ap-event-location\"><span class=\"ap-icon\" aria-hidden=\"true\"><\/span><div class=\"ap-location-block\"><div class=\"ap-venue\">El Dorado<\/div><div class=\"ap-address\">Gau\u00dfstra\u00dfe 79, 22765 Hamburg<\/div><\/div><\/div><\/div><\/li><li class=\"ap-event-item\"><div class=\"ap-event-date\"><span class=\"ap-day\">28.<\/span><span class=\"ap-month\">Sep 2025<\/span><\/div><div class=\"ap-event-details\"><div class=\"ap-event-location\"><span class=\"ap-icon\" aria-hidden=\"true\"><\/span><div class=\"ap-location-block\"><div class=\"ap-venue\">Vereinsgastst\u00e4tte SV Arminia<\/div><div class=\"ap-address\">Bischofsholer Damm 119, 30173 Hannover<\/div><\/div><\/div><\/div><\/li><li class=\"ap-event-item\"><div class=\"ap-event-date\"><span class=\"ap-day\">12.<\/span><span class=\"ap-month\">Dez 2025<\/span><\/div><div class=\"ap-event-details\"><div class=\"ap-event-location\"><span class=\"ap-icon\" aria-hidden=\"true\"><\/span><div class=\"ap-location-block\"><div class=\"ap-venue\">Vereinsgastst\u00e4tte SV Arminia<\/div><div class=\"ap-address\">Bischofsholer Damm 119, 30173 Hannover<\/div><\/div><\/div><\/div><\/li><\/ul><\/div>","protected":false},"excerpt":{"rendered":"<p>Die n\u00e4chsten Konzerte: Das hast du verpasst:<\/p>\n","protected":false},"author":1,"featured_media":0,"parent":0,"menu_order":0,"comment_status":"closed","ping_status":"closed","template":"","meta":{"footnotes":""},"class_list":["post-143","page","type-page","status-publish","hentry"],"_links":{"self":[{"href":"https:\/\/die-ueblichen.de\/index.php\/wp-json\/wp\/v2\/pages\/143","targetHints":{"allow":["GET"]}}],"collection":[{"href":"https:\/\/die-ueblichen.de\/index.php\/wp-json\/wp\/v2\/pages"}],"about":[{"href":"https:\/\/die-ueblichen.de\/index.php\/wp-json\/wp\/v2\/types\/page"}],"author":[{"embeddable":true,"href":"https:\/\/die-ueblichen.de\/index.php\/wp-json\/wp\/v2\/users\/1"}],"replies":[{"embeddable":true,"href":"https:\/\/die-ueblichen.de\/index.php\/wp-json\/wp\/v2\/comments?post=143"}],"version-history":[{"count":25,"href":"https:\/\/die-ueblichen.de\/index.php\/wp-json\/wp\/v2\/pages\/143\/revisions"}],"predecessor-version":[{"id":213,"href":"https:\/\/die-ueblichen.de\/index.php\/wp-json\/wp\/v2\/pages\/143\/revisions\/213"}],"wp:attachment":[{"href":"https:\/\/die-ueblichen.de\/index.php\/wp-json\/wp\/v2\/media?parent=143"}],"curies":[{"name":"wp","href":"https:\/\/api.w.org\/{rel}","templated":true}]}}