{"id":135,"date":"2024-11-25T18:28:08","date_gmt":"2024-11-25T18:28:08","guid":{"rendered":"https:\/\/die-ueblichen.de\/?page_id=135"},"modified":"2026-04-02T12:31:18","modified_gmt":"2026-04-02T10:31:18","slug":"presse","status":"publish","type":"page","link":"https:\/\/die-ueblichen.de\/index.php\/presse\/","title":{"rendered":"Presse"},"content":{"rendered":"\n<div class=\"wp-block-group alignwide has-global-padding is-layout-constrained wp-block-group-is-layout-constrained\">\n<p>die ueblichen sind eine Allstar-Punkband aus Hangover. Die F\u00fcnf haben mehr Punkrockerfahrung gesammelt, als der Punk \u00fcberhaupt alt ist &#8211; 1.000 Jahre Punkrock. Mindestens. Die Bandgr\u00fcndung liegt auch schon wieder 20 Jahre zur\u00fcck, seinerzeit war aber die Zeit noch nicht reif. Nach einer l\u00e4ngeren Spielpause sind die ueblichen seit 2022 wieder da.<\/p>\n\n\n\n<p>F\u00fcr Freund*innen des druckvollen und eing\u00e4ngigen Punkrocks gibt&#8217;s bei den die ueblichen ordentlich was auf die Ohren. Das ist kein alter Aufguss, hier haben sich alte Hasen und weniger alte Talente in einem Mehr-Generationen-Projekt gefunden. Die Worte sind in Deutsch gehalten und k\u00f6nnen bei Interesse verstanden werden. Die Texte sind aus dem Leben gegriffen: mal Alltag, mal \u00c4rger, mal auch deutliche politische Aussagen, aber mehr Fragen aufwerfend als auf alles die Antwort gebend.<\/p>\n<\/div>","protected":false},"excerpt":{"rendered":"<p>die ueblichen sind eine Allstar-Punkband aus Hangover. Die F\u00fcnf haben mehr Punkrockerfahrung gesammelt, als der Punk \u00fcberhaupt alt ist &#8211; 1.000 Jahre Punkrock. Mindestens. Die Bandgr\u00fcndung liegt auch schon wieder 20 Jahre zur\u00fcck, seinerzeit war aber die Zeit noch nicht reif. Nach einer l\u00e4ngeren Spielpause sind die ueblichen seit 2022 wieder da. F\u00fcr Freund*innen des [&hellip;]<\/p>\n","protected":false},"author":1,"featured_media":0,"parent":0,"menu_order":0,"comment_status":"closed","ping_status":"closed","template":"","meta":{"footnotes":""},"class_list":["post-135","page","type-page","status-publish","hentry"],"_links":{"self":[{"href":"https:\/\/die-ueblichen.de\/index.php\/wp-json\/wp\/v2\/pages\/135","targetHints":{"allow":["GET"]}}],"collection":[{"href":"https:\/\/die-ueblichen.de\/index.php\/wp-json\/wp\/v2\/pages"}],"about":[{"href":"https:\/\/die-ueblichen.de\/index.php\/wp-json\/wp\/v2\/types\/page"}],"author":[{"embeddable":true,"href":"https:\/\/die-ueblichen.de\/index.php\/wp-json\/wp\/v2\/users\/1"}],"replies":[{"embeddable":true,"href":"https:\/\/die-ueblichen.de\/index.php\/wp-json\/wp\/v2\/comments?post=135"}],"version-history":[{"count":2,"href":"https:\/\/die-ueblichen.de\/index.php\/wp-json\/wp\/v2\/pages\/135\/revisions"}],"predecessor-version":[{"id":195,"href":"https:\/\/die-ueblichen.de\/index.php\/wp-json\/wp\/v2\/pages\/135\/revisions\/195"}],"wp:attachment":[{"href":"https:\/\/die-ueblichen.de\/index.php\/wp-json\/wp\/v2\/media?parent=135"}],"curies":[{"name":"wp","href":"https:\/\/api.w.org\/{rel}","templated":true}]}}